{"id":7410,"date":"2024-12-20T10:52:20","date_gmt":"2024-12-20T09:52:20","guid":{"rendered":"https:\/\/sygeon.com\/?page_id=7410"},"modified":"2025-08-18T15:14:25","modified_gmt":"2025-08-18T13:14:25","slug":"polityka-prywatnosci","status":"publish","type":"page","link":"https:\/\/sygeon.com\/pl\/polityka-prywatnosci\/","title":{"rendered":"Polityka prywatno\u015bci"},"content":{"rendered":"<style>.elementor-7410 .elementor-element.elementor-element-fbf8e83{--display:flex;--flex-direction:column;--container-widget-width:100%;--container-widget-height:initial;--container-widget-flex-grow:0;--container-widget-align-self:initial;--flex-wrap-mobile:wrap;--gap:0px 0px;--row-gap:0px;--column-gap:0px;--padding-top:180px;--padding-bottom:30px;--padding-left:120px;--padding-right:120px;}.elementor-7410 .elementor-element.elementor-element-3d413b7{--display:flex;--flex-direction:row;--container-widget-width:initial;--container-widget-height:100%;--container-widget-flex-grow:1;--container-widget-align-self:stretch;--flex-wrap-mobile:wrap;--margin-top:0px;--margin-bottom:0px;--margin-left:0px;--margin-right:0px;--padding-top:0px;--padding-bottom:50px;--padding-left:0px;--padding-right:0px;}.elementor-7410 .elementor-element.elementor-element-65eba96{--display:flex;--margin-top:0px;--margin-bottom:0px;--margin-left:0px;--margin-right:0px;--padding-top:0px;--padding-bottom:0px;--padding-left:0px;--padding-right:0px;}.elementor-widget-heading .elementor-heading-title{font-family:var( --e-global-typography-primary-font-family ), Sans-serif;font-size:var( --e-global-typography-primary-font-size );font-weight:var( --e-global-typography-primary-font-weight );line-height:var( --e-global-typography-primary-line-height );color:var( --e-global-color-primary );}.elementor-7410 .elementor-element.elementor-element-67c7107{width:auto;max-width:auto;text-align:center;}.elementor-7410 .elementor-element.elementor-element-67c7107.elementor-element{--align-self:center;}.elementor-7410 .elementor-element.elementor-element-67c7107 .elementor-heading-title{font-family:\"Inter\", Sans-serif;font-size:56px;font-weight:600;text-transform:uppercase;line-height:92px;color:var( --e-global-color-text );}.elementor-widget-text-editor{font-family:var( --e-global-typography-text-font-family ), Sans-serif;font-size:var( --e-global-typography-text-font-size );font-weight:var( --e-global-typography-text-font-weight );line-height:var( --e-global-typography-text-line-height );color:var( --e-global-color-text );}.elementor-widget-text-editor.elementor-drop-cap-view-stacked .elementor-drop-cap{background-color:var( --e-global-color-primary );}.elementor-widget-text-editor.elementor-drop-cap-view-framed .elementor-drop-cap, .elementor-widget-text-editor.elementor-drop-cap-view-default .elementor-drop-cap{color:var( --e-global-color-primary );border-color:var( --e-global-color-primary );}.elementor-7410 .elementor-element.elementor-element-a2f48c1{text-align:center;font-family:\"Inter\", Sans-serif;font-size:16px;font-weight:400;line-height:46px;}.elementor-7410 .elementor-element.elementor-element-b896dc5{--display:flex;--flex-direction:column;--container-widget-width:100%;--container-widget-height:initial;--container-widget-flex-grow:0;--container-widget-align-self:initial;--flex-wrap-mobile:wrap;--margin-top:30px;--margin-bottom:30px;--margin-left:0px;--margin-right:0px;}.elementor-7410 .elementor-element.elementor-element-9cdf847{text-align:center;font-family:\"Inter\", Sans-serif;font-size:16px;font-weight:400;line-height:23px;color:var( --e-global-color-accent );}.elementor-7410 .elementor-element.elementor-element-2de58d6{--display:flex;--flex-direction:column;--container-widget-width:calc( ( 1 - var( --container-widget-flex-grow ) ) * 100% );--container-widget-height:initial;--container-widget-flex-grow:0;--container-widget-align-self:initial;--flex-wrap-mobile:wrap;--align-items:center;--margin-top:40px;--margin-bottom:40px;--margin-left:0px;--margin-right:0px;--padding-top:0px;--padding-bottom:0px;--padding-left:0px;--padding-right:0px;}.elementor-widget-divider{--divider-color:var( --e-global-color-secondary );}.elementor-widget-divider .elementor-divider__text{color:var( --e-global-color-secondary );font-family:var( --e-global-typography-secondary-font-family ), Sans-serif;font-size:var( --e-global-typography-secondary-font-size );font-weight:var( --e-global-typography-secondary-font-weight );line-height:var( --e-global-typography-secondary-line-height );}.elementor-widget-divider.elementor-view-stacked .elementor-icon{background-color:var( --e-global-color-secondary );}.elementor-widget-divider.elementor-view-framed .elementor-icon, .elementor-widget-divider.elementor-view-default .elementor-icon{color:var( --e-global-color-secondary );border-color:var( --e-global-color-secondary );}.elementor-widget-divider.elementor-view-framed .elementor-icon, .elementor-widget-divider.elementor-view-default .elementor-icon svg{fill:var( --e-global-color-secondary );}.elementor-7410 .elementor-element.elementor-element-7f3c211{--divider-border-style:solid;--divider-color:var( --e-global-color-3d1d1ce );--divider-border-width:1px;}.elementor-7410 .elementor-element.elementor-element-7f3c211 > .elementor-widget-container{padding:0px 0px 0px 0px;}.elementor-7410 .elementor-element.elementor-element-7f3c211 .elementor-divider-separator{width:900px;}.elementor-7410 .elementor-element.elementor-element-7f3c211 .elementor-divider{padding-block-start:15px;padding-block-end:15px;}.elementor-7410 .elementor-element.elementor-element-9bc8d4c > .elementor-widget-container{margin:0px 0px 40px 0px;}.elementor-7410 .elementor-element.elementor-element-9bc8d4c{font-family:\"Inter\", Sans-serif;font-size:16px;font-weight:400;line-height:23px;}@media(max-width:1024px){.elementor-7410 .elementor-element.elementor-element-fbf8e83{--padding-top:180px;--padding-bottom:30px;--padding-left:60px;--padding-right:60px;}.elementor-7410 .elementor-element.elementor-element-3d413b7{--flex-direction:column;--container-widget-width:100%;--container-widget-height:initial;--container-widget-flex-grow:0;--container-widget-align-self:initial;--flex-wrap-mobile:wrap;}.elementor-widget-heading .elementor-heading-title{font-size:var( --e-global-typography-primary-font-size );line-height:var( --e-global-typography-primary-line-height );}.elementor-7410 .elementor-element.elementor-element-67c7107 .elementor-heading-title{font-size:70px;}.elementor-widget-text-editor{font-size:var( --e-global-typography-text-font-size );line-height:var( --e-global-typography-text-line-height );}.elementor-widget-divider .elementor-divider__text{font-size:var( --e-global-typography-secondary-font-size );line-height:var( --e-global-typography-secondary-line-height );}}@media(max-width:767px){.elementor-7410 .elementor-element.elementor-element-fbf8e83{--padding-top:140px;--padding-bottom:30px;--padding-left:32px;--padding-right:32px;}.elementor-widget-heading .elementor-heading-title{font-size:var( --e-global-typography-primary-font-size );line-height:var( --e-global-typography-primary-line-height );}.elementor-7410 .elementor-element.elementor-element-67c7107{text-align:center;}.elementor-7410 .elementor-element.elementor-element-67c7107 .elementor-heading-title{font-size:38px;line-height:42px;}.elementor-widget-text-editor{font-size:var( --e-global-typography-text-font-size );line-height:var( --e-global-typography-text-line-height );}.elementor-7410 .elementor-element.elementor-element-a2f48c1{font-size:28px;line-height:34px;}.elementor-7410 .elementor-element.elementor-element-9cdf847{font-size:14px;line-height:20px;}.elementor-widget-divider .elementor-divider__text{font-size:var( --e-global-typography-secondary-font-size );line-height:var( --e-global-typography-secondary-line-height );}.elementor-7410 .elementor-element.elementor-element-9bc8d4c{font-size:14px;line-height:20px;}}@media(min-width:768px){.elementor-7410 .elementor-element.elementor-element-65eba96{--width:100%;}.elementor-7410 .elementor-element.elementor-element-b896dc5{--content-width:780px;}.elementor-7410 .elementor-element.elementor-element-2de58d6{--content-width:994px;}}@media(max-width:1024px) and (min-width:768px){.elementor-7410 .elementor-element.elementor-element-65eba96{--width:100%;}}\/* Start custom CSS for container, class: .elementor-element-fbf8e83 *\/.elementor-7410 .elementor-element.elementor-element-fbf8e83{\n    background: linear-gradient(151deg, rgba(0, 127, 177, 0.40) 0.5%, rgba(0, 1, 29, 0.40) 40.28%, rgba(0, 43, 76, 0.40) 99.94%), #000;\n}\/* End custom CSS *\/\n\/* Start Custom Fonts CSS *\/@font-face {\n\tfont-family: 'Inter';\n\tfont-display: auto;\n\tsrc: url('https:\/\/sygeon.com\/wp-content\/uploads\/2024\/12\/Inter-VariableFont_opszwght.ttf') format('truetype');\n}\n\/* End Custom Fonts CSS *\/<\/style>\t\t<div data-elementor-type=\"wp-page\" data-elementor-id=\"7410\" class=\"elementor elementor-7410 elementor-297\" data-elementor-post-type=\"page\">\n\t\t\t\t<div class=\"elementor-element elementor-element-fbf8e83 e-flex e-con-boxed e-con e-parent\" data-id=\"fbf8e83\" data-element_type=\"container\">\n\t\t\t\t\t<div class=\"e-con-inner\">\n\t\t<div class=\"elementor-element elementor-element-3d413b7 e-con-full e-flex e-con e-child\" data-id=\"3d413b7\" data-element_type=\"container\">\n\t\t<div class=\"elementor-element elementor-element-65eba96 e-con-full e-flex e-con e-child\" data-id=\"65eba96\" data-element_type=\"container\">\n\t\t\t\t<div class=\"elementor-element elementor-element-67c7107 elementor-widget__width-auto elementor-widget elementor-widget-heading\" data-id=\"67c7107\" data-element_type=\"widget\" data-widget_type=\"heading.default\">\n\t\t\t\t<div class=\"elementor-widget-container\">\n\t\t\t\t\t<h1 class=\"elementor-heading-title elementor-size-default\">Polityka prywatno\u015bci\n<\/h1>\t\t\t\t<\/div>\n\t\t\t\t<\/div>\n\t\t\t\t<div class=\"elementor-element elementor-element-a2f48c1 elementor-widget elementor-widget-text-editor\" data-id=\"a2f48c1\" data-element_type=\"widget\" data-widget_type=\"text-editor.default\">\n\t\t\t\t<div class=\"elementor-widget-container\">\n\t\t\t\t\t\t\t\t\t<p><span style=\"white-space-collapse: preserve;\">Ostatnia aktualizacja: 28.11.2024 <\/span><\/p>\t\t\t\t\t\t\t\t<\/div>\n\t\t\t\t<\/div>\n\t\t\t\t<\/div>\n\t\t\t\t<\/div>\n\t\t\t\t\t<\/div>\n\t\t\t\t<\/div>\n\t\t<div class=\"elementor-element elementor-element-b896dc5 e-flex e-con-boxed e-con e-parent\" data-id=\"b896dc5\" data-element_type=\"container\">\n\t\t\t\t\t<div class=\"e-con-inner\">\n\t\t\t\t<div class=\"elementor-element elementor-element-9cdf847 elementor-widget elementor-widget-text-editor\" data-id=\"9cdf847\" data-element_type=\"widget\" data-widget_type=\"text-editor.default\">\n\t\t\t\t<div class=\"elementor-widget-container\">\n\t\t\t\t\t\t\t\t\t<p>Sygeon sp. z o.o. zobowi\u0105zuje si\u0119 do ochrony Twojej prywatno\u015bci i zapewnienia transparentno\u015bci w sposobie przetwarzania Twoich danych osobowych. Niniejsza polityka prywatno\u015bci okre\u015bla nasze praktyki w zakresie gromadzenia, wykorzystywania i ochrony Twoich danych zgodnie z GDPR.\u00a0<\/p><p>Korzystaj\u0105c z naszych us\u0142ug lub odwiedzaj\u0105c nasz\u0105 stron\u0119 internetow\u0105, zgadzasz si\u0119 na warunki okre\u015blone w niniejszej polityce.\u00a0<\/p>\t\t\t\t\t\t\t\t<\/div>\n\t\t\t\t<\/div>\n\t\t\t\t\t<\/div>\n\t\t\t\t<\/div>\n\t\t<div class=\"elementor-element elementor-element-2de58d6 e-flex e-con-boxed e-con e-parent\" data-id=\"2de58d6\" data-element_type=\"container\">\n\t\t\t\t\t<div class=\"e-con-inner\">\n\t\t\t\t<div class=\"elementor-element elementor-element-7f3c211 elementor-widget-divider--view-line elementor-widget elementor-widget-divider\" data-id=\"7f3c211\" data-element_type=\"widget\" data-widget_type=\"divider.default\">\n\t\t\t\t<div class=\"elementor-widget-container\">\n\t\t\t\t\t\t\t<div class=\"elementor-divider\">\n\t\t\t<span class=\"elementor-divider-separator\">\n\t\t\t\t\t\t<\/span>\n\t\t<\/div>\n\t\t\t\t\t\t<\/div>\n\t\t\t\t<\/div>\n\t\t\t\t<div class=\"elementor-element elementor-element-9bc8d4c elementor-widget elementor-widget-text-editor\" data-id=\"9bc8d4c\" data-element_type=\"widget\" data-widget_type=\"text-editor.default\">\n\t\t\t\t<div class=\"elementor-widget-container\">\n\t\t\t\t\t\t\t\t\t<p><span class=\"blue-mark\"><strong>Kim jeste\u015bmy<\/strong><\/span><\/p><p>Nazwa firmy: Sygeon sp. z o.o.<br \/>Adres: Roosevelta 18, 60-829 Pozna\u0144, Polska<br \/>Inspektor Ochrony Danych: Rados\u0142aw Ruci\u0144ski<br \/>Adres e-mail: dpo@sygeon.com<br \/>Telefon kontaktowy: +48 450 064\u202f128<\/p><p>W razie pyta\u0144 lub w\u0105tpliwo\u015bci dotycz\u0105cych niniejszej Polityki Prywatno\u015bci, prosimy o kontakt.<\/p><p><span class=\"blue-mark\"><strong>Jakie dane gromadzimy<\/strong><\/span><\/p><p>Gromadzimy i przetwarzamy nast\u0119puj\u0105ce rodzaje danych osobowych:<\/p><ol><li>Dane kontaktowe: imiona i nazwiska, adresy e-mail, numery telefon\u00f3w oraz dane firmowe niezb\u0119dne do \u015bwiadczenia naszych us\u0142ug.<\/li><li>Dane ze strony internetowej: informacje takie jak adresy IP i aktywno\u015b\u0107 przegl\u0105dania, gromadzone za pomoc\u0105 plik\u00f3w cookie w celach analitycznych i bezpiecze\u0144stwa (np. Google Analytics 4).<\/li><li>Dane marketingowe: imiona i nazwiska, adresy e-mail oraz informacje o firmie w celu informowania o aktualizacjach, ofertach i us\u0142ugach.<\/li><\/ol><p><strong style=\"background-color: transparent; color: #61b2e8;\"><br \/>Dlaczego gromadzimy dane<\/strong><\/p><p>Przetwarzamy dane osobowe w nast\u0119puj\u0105cych celach i zgodnie z wymogami GDPR:<\/p><ol><li>\u015awiadczenie us\u0142ug: w celu zarz\u0105dzania i wype\u0142niania naszych zobowi\u0105za\u0144 zwi\u0105zanych ze \u015bwiadczeniem us\u0142ug (Podstawa prawna: niezb\u0119dno\u015b\u0107 do wykonania umowy)<\/li><li>Marketing i komunikacja: w celu informowania o aktualizacjach, ofertach i us\u0142ugach (za Twoj\u0105 zgod\u0105) (Podstawa prawna: zgoda)<\/li><li>Analityka i bezpiecze\u0144stwo strony internetowej: w celu ulepszania naszej strony internetowej i zapewnienia jej bezpiecze\u0144stwa przy u\u017cyciu narz\u0119dzi takich jak Google Analytics 4 (Podstawa prawna: uzasadniony interes)<\/li><\/ol><p>Je\u015bli cel przetwarzania danych ulegnie zmianie, poinformujemy Ci\u0119 o tym i w razie potrzeby uzyskamy dodatkow\u0105 zgod\u0119.<\/p><p><span class=\"blue-mark\"><strong>Twoje prawa<\/strong><\/span><\/p><p>Zgodnie z Og\u00f3lnym Rozporz\u0105dzeniem o Ochronie Danych (GDPR), przys\u0142uguj\u0105 Ci nast\u0119puj\u0105ce prawa dotycz\u0105ce Twoich danych osobowych:<\/p><ol><li>Prawo dost\u0119pu do danych: mo\u017cesz za\u017c\u0105da\u0107 informacji o tym, czy przetwarzamy Twoje dane osobowe, oraz uzyska\u0107 ich kopi\u0119.<\/li><li>Prawo do sprostowania lub usuni\u0119cia danych: mo\u017cesz za\u017c\u0105da\u0107 sprostowania swoich danych, je\u015bli s\u0105 one niedok\u0142adne lub niekompletne. Mo\u017cesz r\u00f3wnie\u017c za\u017c\u0105da\u0107 usuni\u0119cia danych w okre\u015blonych okoliczno\u015bciach.<\/li><li>Prawo do ograniczenia przetwarzania: mo\u017cesz za\u017c\u0105da\u0107 tymczasowego wstrzymania przetwarzania, je\u015bli kwestionujesz prawid\u0142owo\u015b\u0107 danych, sprzeciwiasz si\u0119 przetwarzaniu lub potrzebujesz danych do cel\u00f3w roszcze\u0144 prawnych.<\/li><li>Prawo do sprzeciwu wobec przetwarzania: mo\u017cesz sprzeciwi\u0107 si\u0119 przetwarzaniu Twoich danych w okre\u015blonych celach, takich jak marketing bezpo\u015bredni lub profilowanie oparte na uzasadnionym interesie.<\/li><li>Prawo do przenoszenia danych: mo\u017cesz otrzyma\u0107 swoje dane w ustrukturyzowanym, powszechnie u\u017cywanym formacie nadaj\u0105cym si\u0119 do odczytu maszynowego oraz zleci\u0107 ich przes\u0142anie innemu administratorowi bez przeszk\u00f3d.<\/li><li>Prawo do wycofania zgody: je\u015bli przetwarzanie odbywa si\u0119 na podstawie Twojej zgody, mo\u017cesz j\u0105 wycofa\u0107 w dowolnym momencie, co nie wp\u0142ynie na zgodno\u015b\u0107 z prawem wcze\u015bniejszego przetwarzania.<\/li><li>Prawo do wniesienia skargi: je\u015bli uwa\u017casz, \u017ce Twoje prawa wynikaj\u0105ce z GDPR zosta\u0142y naruszone, masz prawo wnie\u015b\u0107 skarg\u0119 do w\u0142a\u015bciwego organu nadzorczego.<\/li><\/ol><p>Aby skorzysta\u0107 ze swoich praw, skontaktuj si\u0119 z naszym Inspektorem Ochrony Danych (DPO):<\/p><ul><li>E-mail: dpo@sygeon.com<\/li><\/ul><p>Je\u015bli uwa\u017casz, \u017ce Twoje prawa zosta\u0142y naruszone, masz r\u00f3wnie\u017c prawo do z\u0142o\u017cenia skargi do w\u0142a\u015bciwego organu nadzorczego w Polsce:<\/p><ul><li>Urz\u0105d Ochrony Danych Osobowych (UODO)<\/li><li>Strona internetowa:\u00a0<a class=\"customize-unpreviewable\" draggable=\"false\" href=\"https:\/\/uodo.gov.pl\/\" target=\"_blank\" rel=\"noreferrer noopener\">https:\/\/uodo.gov.pl<\/a><\/li><li>Telefon: +48 22 531 03 00<\/li><\/ul><p><strong>Zautomatyzowane podejmowanie decyzji i profilowanie<\/strong><\/p><p>Nie wykorzystujemy Twoich danych osobowych do zautomatyzowanego podejmowania decyzji, w tym profilowania, kt\u00f3re wywo\u0142ywa\u0142oby znacz\u0105ce skutki prawne lub podobne.<\/p><p><span class=\"blue-mark\"><strong>Udost\u0119pnianie danych<\/strong><\/span><\/p><p>Mo\u017cemy udost\u0119pnia\u0107 Twoje dane osobowe zaufanym stronom trzecim w celu u\u0142atwienia naszej dzia\u0142alno\u015bci i wype\u0142nienia zobowi\u0105za\u0144 prawnych. Nale\u017c\u0105 do nich:<\/p><ol><li>Dostawcy us\u0142ug: partnerzy, kt\u00f3rzy wspieraj\u0105 nas w obszarach takich jak us\u0142ugi IT, hosting i dzia\u0142alno\u015b\u0107 biznesowa.<\/li><li>Transfery mi\u0119dzynarodowe: je\u015bli Twoje dane s\u0105 przekazywane poza Europejski Obszar Gospodarczy (EOG), zapewniamy odpowiednie zabezpieczenia, takie jak Standardowe Klauzule Umowne (SCCs) zatwierdzone przez Komisj\u0119 Europejsk\u0105.<\/li><\/ol><p>Zastosowane zabezpieczenia:<\/p><ul><li>Wszelkie udost\u0119pnianie danych odbywa si\u0119 na podstawie um\u00f3w zgodnych z GDPR, aby zapewni\u0107 bezpiecze\u0144stwo i poufno\u015b\u0107 Twoich danych.<\/li><li>Nie sprzedajemy ani nie wymieniamy Twoich danych osobowych.<\/li><\/ul><p><strong>Przechowywanie danych<\/strong><\/p><p>Przechowujemy dane osobowe tylko tak d\u0142ugo, jak jest to konieczne do realizacji cel\u00f3w okre\u015blonych w niniejszej polityce prywatno\u015bci lub do wype\u0142nienia obowi\u0105zk\u00f3w prawnych i regulacyjnych. Okresy przechowywania s\u0105 nast\u0119puj\u0105ce:<\/p><ol><li>Dane zwi\u0105zane z us\u0142ugami: przechowywane przez czas trwania umowy, a nast\u0119pnie przez 6 lat, zgodnie z wymogami prawnymi lub audytowymi.<\/li><li>Dane marketingowe: przechowywane do momentu wycofania zgody lub gdy dane nie s\u0105 ju\u017c istotne dla zamierzonego celu.<\/li><li>Dane ze strony internetowej: przechowywane w celach analitycznych i bezpiecze\u0144stwa przez ograniczony czas, zazwyczaj 6 miesi\u0119cy.<\/li><\/ol><p>Gdy dane osobowe nie s\u0105 ju\u017c potrzebne, bezpiecznie je usuwamy lub anonimizujemy, aby zapobiec nieautoryzowanemu dost\u0119powi.<\/p><p><span class=\"blue-mark\"><strong>Bezpiecze\u0144stwo danych<\/strong><\/span><\/p><p>Przyk\u0142adamy du\u017c\u0105 wag\u0119 do bezpiecze\u0144stwa Twoich danych osobowych i wdra\u017camy odpowiednie \u015brodki techniczne i organizacyjne w celu ich ochrony przed nieautoryzowanym dost\u0119pem, ujawnieniem, zmian\u0105 lub zniszczeniem. \u015arodki te obejmuj\u0105:<\/p><ol><li>Szyfrowanie: wra\u017cliwe dane s\u0105 szyfrowane, aby zapewni\u0107 ich ochron\u0119 podczas przechowywania i przesy\u0142ania.<\/li><li>Uwierzytelnianie wielosk\u0142adnikowe (MFA): dost\u0119p do naszych system\u00f3w wymaga dodatkowych krok\u00f3w uwierzytelniania opr\u00f3cz has\u0142a.<\/li><li>Ograniczony dost\u0119p: dane osobowe s\u0105 dost\u0119pne tylko dla upowa\u017cnionego personelu, kt\u00f3ry potrzebuje ich do wykonywania swoich obowi\u0105zk\u00f3w.<\/li><\/ol><p><span class=\"blue-mark\"><strong><br \/>Aktualizacje polityki<\/strong><\/span><\/p><p>Mo\u017cemy okresowo aktualizowa\u0107 niniejsz\u0105 polityk\u0119 prywatno\u015bci, aby odzwierciedli\u0107 zmiany w naszych praktykach, wymogach prawnych lub z innych powod\u00f3w operacyjnych.<\/p><p>W przypadku wprowadzenia istotnych zmian, powiadomimy Ci\u0119 poprzez opublikowanie zaktualizowanej polityki na tej stronie z now\u0105 dat\u0105 wej\u015bcia w \u017cycie.<\/p><p>Zach\u0119camy do okresowego przegl\u0105dania niniejszej polityki prywatno\u015bci, aby by\u0107 na bie\u017c\u0105co z informacjami o tym, jak chronimy Twoje dane osobowe.<\/p><p>Data wej\u015bcia w \u017cycie: Niniejsza polityka zosta\u0142a ostatnio zaktualizowana 28.11.2024<\/p>\t\t\t\t\t\t\t\t<\/div>\n\t\t\t\t<\/div>\n\t\t\t\t\t<\/div>\n\t\t\t\t<\/div>\n\t\t\t\t<\/div>\n\t\t","protected":false},"excerpt":{"rendered":"<p>Polityka prywatno\u015bci Ostatnia aktualizacja: 28.11.2024 Sygeon sp. z o.o. zobowi\u0105zuje si\u0119 do ochrony Twojej prywatno\u015bci i zapewnienia transparentno\u015bci w sposobie przetwarzania Twoich danych osobowych. Niniejsza polityka prywatno\u015bci okre\u015bla nasze praktyki w zakresie gromadzenia, wykorzystywania i ochrony Twoich danych zgodnie z GDPR.\u00a0 Korzystaj\u0105c z naszych us\u0142ug lub odwiedzaj\u0105c nasz\u0105 stron\u0119 internetow\u0105, zgadzasz si\u0119 na warunki okre\u015blone [&hellip;]<\/p>\n","protected":false},"author":1,"featured_media":0,"parent":0,"menu_order":0,"comment_status":"closed","ping_status":"closed","template":"","meta":{"inline_featured_image":false,"footnotes":""},"class_list":["post-7410","page","type-page","status-publish","hentry"],"_links":{"self":[{"href":"https:\/\/sygeon.com\/pl\/wp-json\/wp\/v2\/pages\/7410","targetHints":{"allow":["GET"]}}],"collection":[{"href":"https:\/\/sygeon.com\/pl\/wp-json\/wp\/v2\/pages"}],"about":[{"href":"https:\/\/sygeon.com\/pl\/wp-json\/wp\/v2\/types\/page"}],"author":[{"embeddable":true,"href":"https:\/\/sygeon.com\/pl\/wp-json\/wp\/v2\/users\/1"}],"replies":[{"embeddable":true,"href":"https:\/\/sygeon.com\/pl\/wp-json\/wp\/v2\/comments?post=7410"}],"version-history":[{"count":7,"href":"https:\/\/sygeon.com\/pl\/wp-json\/wp\/v2\/pages\/7410\/revisions"}],"predecessor-version":[{"id":7856,"href":"https:\/\/sygeon.com\/pl\/wp-json\/wp\/v2\/pages\/7410\/revisions\/7856"}],"wp:attachment":[{"href":"https:\/\/sygeon.com\/pl\/wp-json\/wp\/v2\/media?parent=7410"}],"curies":[{"name":"wp","href":"https:\/\/api.w.org\/{rel}","templated":true}]}}